{"id":207,"date":"2024-10-03T10:06:15","date_gmt":"2024-10-03T10:06:15","guid":{"rendered":"https:\/\/www.wesmatic.fi\/wp\/?post_type=product&#038;p=207"},"modified":"2026-02-09T15:48:04","modified_gmt":"2026-02-09T15:48:04","slug":"joni-liesi-alatasolla","status":"publish","type":"product","link":"https:\/\/www.wesmatic.fi\/wp\/product\/joni-liesi-alatasolla\/","title":{"rendered":"J\u00f8ni liesi, alatasolla"},"content":{"rendered":"<h2><strong>Liesi alatasolla <\/strong><\/h2>\n<p>Etsitk\u00f6 kest\u00e4v\u00e4\u00e4 ja luotettavaa liett\u00e4 ravintolakeitti\u00f6\u00f6si?\u00a0<strong>Joni liesi alatasolla<\/strong>\u00a0on erinomainen valinta ammattikokeille, jotka arvostavat tarkkuutta ja tehokkuutta. T\u00e4m\u00e4 liesi yhdist\u00e4\u00e4 korkean suorituskyvyn k\u00e4yt\u00e4nn\u00f6lliseen suunnitteluun, mik\u00e4 tekee siit\u00e4 arvokkaan investoinnin kaikkiin suurtalouskeitti\u00f6ihin.<\/p>\n<p><strong>Ominaisuudet:<\/strong><\/p>\n<ul>\n<li><strong> Portaaton tehons\u00e4\u00e4t\u00f6:<\/strong>\u00a0S\u00e4\u00e4d\u00e4 l\u00e4mp\u00f6 tarkasti tarpeidesi mukaan t\u00e4ydellisten tulosten saavuttamiseksi joka kerta.<\/li>\n<li><strong> Kompaktit mitat:<\/strong>\u00a0Mitat LSK 400 x 800 x 880 mm, joten liesi sopii my\u00f6s keitti\u00f6ihin, joissa on rajoitetusti tilaa.<\/li>\n<li><strong> Korkea teho:<\/strong>\u00a08 kW yhteens\u00e4, jaettuna 4 kW per alue, varmistaa nopean l\u00e4mmityksen ja tehokkaan ruoanlaiton.<\/li>\n<li><strong> Infrapuna:<\/strong>\u00a0Takaa tasaisen l\u00e4mm\u00f6njaon ja nopean reagoinnin.<\/li>\n<li><strong> Liit\u00e4nt\u00e4:<\/strong>\u00a0400 V, sovitettu ammattik\u00e4ytt\u00f6\u00f6n tarkoitettuihin keitti\u00f6asennuksiin.<br \/>\nRahti alkaen 80 \u20ac<\/li>\n<\/ul>\n","protected":false},"excerpt":{"rendered":"<p><sup>&#8211; portaaton tehons\u00e4\u00e4t\u00f6<\/sup><br \/>\n<sup>&#8211; mitat LSK 400 x 800 x 880 mm<\/sup><br \/>\n<sup>&#8211; teho 8 kW, 4 kW \/ alue, 400 V, infrapuna<\/sup><\/p>\n","protected":false},"featured_media":204,"template":"","meta":[],"product_brand":[],"product_cat":[41],"product_tag":[],"class_list":{"0":"post-207","1":"product","2":"type-product","3":"status-publish","4":"has-post-thumbnail","6":"product_cat-liedet","7":"product_shipping_class-luukkupesukone","9":"first","10":"instock","11":"featured","12":"taxable","13":"shipping-taxable","14":"purchasable","15":"product-type-simple"},"yoast_head":"<!-- This site is optimized with the Yoast SEO plugin v27.4 - https:\/\/yoast.com\/product\/yoast-seo-wordpress\/ -->\n<title>J\u00f8ni liesi, alatasolla - Wesmatic<\/title>\n<meta name=\"robots\" content=\"index, follow, max-snippet:-1, max-image-preview:large, max-video-preview:-1\" \/>\n<link rel=\"canonical\" href=\"https:\/\/www.wesmatic.fi\/wp\/product\/joni-liesi-alatasolla\/\" \/>\n<meta property=\"og:locale\" content=\"fi_FI\" \/>\n<meta property=\"og:type\" content=\"article\" \/>\n<meta property=\"og:title\" content=\"J\u00f8ni liesi, alatasolla - Wesmatic\" \/>\n<meta property=\"og:description\" content=\"- portaaton tehons\u00e4\u00e4t\u00f6 - mitat LSK 400 x 800 x 880 mm - teho 8 kW, 4 kW \/ alue, 400 V, infrapuna\" \/>\n<meta property=\"og:url\" content=\"https:\/\/www.wesmatic.fi\/wp\/product\/joni-liesi-alatasolla\/\" \/>\n<meta property=\"og:site_name\" content=\"Wesmatic\" \/>\n<meta property=\"article:modified_time\" content=\"2026-02-09T15:48:04+00:00\" \/>\n<meta property=\"og:image\" content=\"https:\/\/www.wesmatic.fi\/wp\/wp-content\/uploads\/2024\/10\/IMG_4502r.jpg\" \/>\n\t<meta property=\"og:image:width\" content=\"436\" \/>\n\t<meta property=\"og:image:height\" content=\"800\" \/>\n\t<meta property=\"og:image:type\" content=\"image\/jpeg\" \/>\n<meta name=\"twitter:card\" content=\"summary_large_image\" \/>\n<meta name=\"twitter:label1\" content=\"Arvioitu lukuaika\" \/>\n\t<meta name=\"twitter:data1\" content=\"1 minuutti\" \/>\n<script type=\"application\/ld+json\" class=\"yoast-schema-graph\">{\"@context\":\"https:\\\/\\\/schema.org\",\"@graph\":[{\"@type\":\"WebPage\",\"@id\":\"https:\\\/\\\/www.wesmatic.fi\\\/wp\\\/product\\\/joni-liesi-alatasolla\\\/\",\"url\":\"https:\\\/\\\/www.wesmatic.fi\\\/wp\\\/product\\\/joni-liesi-alatasolla\\\/\",\"name\":\"J\u00f8ni liesi, alatasolla - Wesmatic\",\"isPartOf\":{\"@id\":\"https:\\\/\\\/www.wesmatic.fi\\\/wp\\\/#website\"},\"primaryImageOfPage\":{\"@id\":\"https:\\\/\\\/www.wesmatic.fi\\\/wp\\\/product\\\/joni-liesi-alatasolla\\\/#primaryimage\"},\"image\":{\"@id\":\"https:\\\/\\\/www.wesmatic.fi\\\/wp\\\/product\\\/joni-liesi-alatasolla\\\/#primaryimage\"},\"thumbnailUrl\":\"https:\\\/\\\/www.wesmatic.fi\\\/wp\\\/wp-content\\\/uploads\\\/2024\\\/10\\\/IMG_4502r.jpg\",\"datePublished\":\"2024-10-03T10:06:15+00:00\",\"dateModified\":\"2026-02-09T15:48:04+00:00\",\"breadcrumb\":{\"@id\":\"https:\\\/\\\/www.wesmatic.fi\\\/wp\\\/product\\\/joni-liesi-alatasolla\\\/#breadcrumb\"},\"inLanguage\":\"fi\",\"potentialAction\":[{\"@type\":\"ReadAction\",\"target\":[\"https:\\\/\\\/www.wesmatic.fi\\\/wp\\\/product\\\/joni-liesi-alatasolla\\\/\"]}]},{\"@type\":\"ImageObject\",\"inLanguage\":\"fi\",\"@id\":\"https:\\\/\\\/www.wesmatic.fi\\\/wp\\\/product\\\/joni-liesi-alatasolla\\\/#primaryimage\",\"url\":\"https:\\\/\\\/www.wesmatic.fi\\\/wp\\\/wp-content\\\/uploads\\\/2024\\\/10\\\/IMG_4502r.jpg\",\"contentUrl\":\"https:\\\/\\\/www.wesmatic.fi\\\/wp\\\/wp-content\\\/uploads\\\/2024\\\/10\\\/IMG_4502r.jpg\",\"width\":436,\"height\":800},{\"@type\":\"BreadcrumbList\",\"@id\":\"https:\\\/\\\/www.wesmatic.fi\\\/wp\\\/product\\\/joni-liesi-alatasolla\\\/#breadcrumb\",\"itemListElement\":[{\"@type\":\"ListItem\",\"position\":1,\"name\":\"Etusivu\",\"item\":\"https:\\\/\\\/www.wesmatic.fi\\\/wp\\\/\"},{\"@type\":\"ListItem\",\"position\":2,\"name\":\"Kauppa\",\"item\":\"https:\\\/\\\/www.wesmatic.fi\\\/wp\\\/shop\\\/\"},{\"@type\":\"ListItem\",\"position\":3,\"name\":\"J\u00f8ni liesi, alatasolla\"}]},{\"@type\":\"WebSite\",\"@id\":\"https:\\\/\\\/www.wesmatic.fi\\\/wp\\\/#website\",\"url\":\"https:\\\/\\\/www.wesmatic.fi\\\/wp\\\/\",\"name\":\"Wesmatic\",\"description\":\"\",\"potentialAction\":[{\"@type\":\"SearchAction\",\"target\":{\"@type\":\"EntryPoint\",\"urlTemplate\":\"https:\\\/\\\/www.wesmatic.fi\\\/wp\\\/?s={search_term_string}\"},\"query-input\":{\"@type\":\"PropertyValueSpecification\",\"valueRequired\":true,\"valueName\":\"search_term_string\"}}],\"inLanguage\":\"fi\"}]}<\/script>\n<!-- \/ Yoast SEO plugin. -->","yoast_head_json":{"title":"J\u00f8ni liesi, alatasolla - Wesmatic","robots":{"index":"index","follow":"follow","max-snippet":"max-snippet:-1","max-image-preview":"max-image-preview:large","max-video-preview":"max-video-preview:-1"},"canonical":"https:\/\/www.wesmatic.fi\/wp\/product\/joni-liesi-alatasolla\/","og_locale":"fi_FI","og_type":"article","og_title":"J\u00f8ni liesi, alatasolla - Wesmatic","og_description":"- portaaton tehons\u00e4\u00e4t\u00f6 - mitat LSK 400 x 800 x 880 mm - teho 8 kW, 4 kW \/ alue, 400 V, infrapuna","og_url":"https:\/\/www.wesmatic.fi\/wp\/product\/joni-liesi-alatasolla\/","og_site_name":"Wesmatic","article_modified_time":"2026-02-09T15:48:04+00:00","og_image":[{"width":436,"height":800,"url":"https:\/\/www.wesmatic.fi\/wp\/wp-content\/uploads\/2024\/10\/IMG_4502r.jpg","type":"image\/jpeg"}],"twitter_card":"summary_large_image","twitter_misc":{"Arvioitu lukuaika":"1 minuutti"},"schema":{"@context":"https:\/\/schema.org","@graph":[{"@type":"WebPage","@id":"https:\/\/www.wesmatic.fi\/wp\/product\/joni-liesi-alatasolla\/","url":"https:\/\/www.wesmatic.fi\/wp\/product\/joni-liesi-alatasolla\/","name":"J\u00f8ni liesi, alatasolla - Wesmatic","isPartOf":{"@id":"https:\/\/www.wesmatic.fi\/wp\/#website"},"primaryImageOfPage":{"@id":"https:\/\/www.wesmatic.fi\/wp\/product\/joni-liesi-alatasolla\/#primaryimage"},"image":{"@id":"https:\/\/www.wesmatic.fi\/wp\/product\/joni-liesi-alatasolla\/#primaryimage"},"thumbnailUrl":"https:\/\/www.wesmatic.fi\/wp\/wp-content\/uploads\/2024\/10\/IMG_4502r.jpg","datePublished":"2024-10-03T10:06:15+00:00","dateModified":"2026-02-09T15:48:04+00:00","breadcrumb":{"@id":"https:\/\/www.wesmatic.fi\/wp\/product\/joni-liesi-alatasolla\/#breadcrumb"},"inLanguage":"fi","potentialAction":[{"@type":"ReadAction","target":["https:\/\/www.wesmatic.fi\/wp\/product\/joni-liesi-alatasolla\/"]}]},{"@type":"ImageObject","inLanguage":"fi","@id":"https:\/\/www.wesmatic.fi\/wp\/product\/joni-liesi-alatasolla\/#primaryimage","url":"https:\/\/www.wesmatic.fi\/wp\/wp-content\/uploads\/2024\/10\/IMG_4502r.jpg","contentUrl":"https:\/\/www.wesmatic.fi\/wp\/wp-content\/uploads\/2024\/10\/IMG_4502r.jpg","width":436,"height":800},{"@type":"BreadcrumbList","@id":"https:\/\/www.wesmatic.fi\/wp\/product\/joni-liesi-alatasolla\/#breadcrumb","itemListElement":[{"@type":"ListItem","position":1,"name":"Etusivu","item":"https:\/\/www.wesmatic.fi\/wp\/"},{"@type":"ListItem","position":2,"name":"Kauppa","item":"https:\/\/www.wesmatic.fi\/wp\/shop\/"},{"@type":"ListItem","position":3,"name":"J\u00f8ni liesi, alatasolla"}]},{"@type":"WebSite","@id":"https:\/\/www.wesmatic.fi\/wp\/#website","url":"https:\/\/www.wesmatic.fi\/wp\/","name":"Wesmatic","description":"","potentialAction":[{"@type":"SearchAction","target":{"@type":"EntryPoint","urlTemplate":"https:\/\/www.wesmatic.fi\/wp\/?s={search_term_string}"},"query-input":{"@type":"PropertyValueSpecification","valueRequired":true,"valueName":"search_term_string"}}],"inLanguage":"fi"}]}},"_links":{"self":[{"href":"https:\/\/www.wesmatic.fi\/wp\/wp-json\/wp\/v2\/product\/207","targetHints":{"allow":["GET"]}}],"collection":[{"href":"https:\/\/www.wesmatic.fi\/wp\/wp-json\/wp\/v2\/product"}],"about":[{"href":"https:\/\/www.wesmatic.fi\/wp\/wp-json\/wp\/v2\/types\/product"}],"wp:featuredmedia":[{"embeddable":true,"href":"https:\/\/www.wesmatic.fi\/wp\/wp-json\/wp\/v2\/media\/204"}],"wp:attachment":[{"href":"https:\/\/www.wesmatic.fi\/wp\/wp-json\/wp\/v2\/media?parent=207"}],"wp:term":[{"taxonomy":"product_brand","embeddable":true,"href":"https:\/\/www.wesmatic.fi\/wp\/wp-json\/wp\/v2\/product_brand?post=207"},{"taxonomy":"product_cat","embeddable":true,"href":"https:\/\/www.wesmatic.fi\/wp\/wp-json\/wp\/v2\/product_cat?post=207"},{"taxonomy":"product_tag","embeddable":true,"href":"https:\/\/www.wesmatic.fi\/wp\/wp-json\/wp\/v2\/product_tag?post=207"}],"curies":[{"name":"wp","href":"https:\/\/api.w.org\/{rel}","templated":true}]}}