{"id":451,"date":"2024-12-02T14:41:00","date_gmt":"2024-12-02T14:41:00","guid":{"rendered":"http:\/\/www.wesmatic.fi\/wp\/?post_type=product&#038;p=451"},"modified":"2026-02-09T15:40:03","modified_gmt":"2026-02-09T15:40:03","slug":"juomavesiautomaatti-metos","status":"publish","type":"product","link":"https:\/\/www.wesmatic.fi\/wp\/product\/juomavesiautomaatti-metos\/","title":{"rendered":"Juomavesiautomaatti Metos"},"content":{"rendered":"<h2><strong>Metos Juomavesiautomaatti &#8211; Tehokas ratkaisu yrityksesi juomavesitarpeisiin<\/strong><\/h2>\n<p>Etsitk\u00f6 laadukasta ja energiatehokasta juomavesiautomaattia? <strong>Metos Juomavesiautomaatti<\/strong> on erinomainen valinta yrityksille, jotka tarvitsevat jatkuvasti raikasta ja viile\u00e4\u00e4 vett\u00e4. T\u00e4m\u00e4 j\u00e4\u00e4hdytt\u00e4v\u00e4 vesiautomaatti on suunniteltu erityisesti linjastoasennuksiin, ja sen kompakti koko (<strong>400 x 650 x 900 mm<\/strong>) mahdollistaa helpon sijoittamisen eri ymp\u00e4rist\u00f6ihin.<\/p>\n<p>Laite toimii <strong>230V-liit\u00e4nn\u00e4ll\u00e4<\/strong>, mik\u00e4 takaa luotettavan ja tehokkaan k\u00e4yt\u00f6n. Sen moderni muotoilu ja kest\u00e4v\u00e4 rakenne tekev\u00e4t siit\u00e4 pitk\u00e4ik\u00e4isen ja huoltovapaan ratkaisun yrityksesi vesihuoltoon.<\/p>\n<p>Valitse <strong>Metos Juomavesiautomaatti<\/strong> ja tarjoa ty\u00f6ntekij\u00f6illesi sek\u00e4 asiakkaillesi raikasta juomavett\u00e4 helposti ja vaivattomasti \u2013 ymp\u00e4ri vuoden!<\/p>\n<ul>\n<li><strong> Tehokas j\u00e4\u00e4hdytys<\/strong> \u2013 aina viile\u00e4\u00e4 vett\u00e4 saatavilla<\/li>\n<li><strong> Kompakti ja tyylik\u00e4s muotoilu<\/strong> \u2013 helppo integroida mihin tahansa tilaan<\/li>\n<li><strong> Luotettava ja energiatehokas<\/strong> \u2013 suunniteltu jatkuvaan k\u00e4ytt\u00f6\u00f6nRahoitusleasing, rahti alkaen 80 \u20ac<\/li>\n<\/ul>\n","protected":false},"excerpt":{"rendered":"<p>J\u00e4\u00e4hdytt\u00e4v\u00e4 juomavesiautomaatti linjastoon sopiva, mitat 400 x 650 x 900 mm, 230V<\/p>\n","protected":false},"featured_media":452,"template":"","meta":[],"product_brand":[],"product_cat":[49],"product_tag":[],"class_list":{"0":"post-451","1":"product","2":"type-product","3":"status-publish","4":"has-post-thumbnail","6":"product_cat-vedenjakelijat","7":"product_shipping_class-luukkupesukone","9":"first","10":"instock","11":"taxable","12":"shipping-taxable","13":"purchasable","14":"product-type-simple"},"yoast_head":"<!-- This site is optimized with the Yoast SEO plugin v27.1.1 - https:\/\/yoast.com\/product\/yoast-seo-wordpress\/ -->\n<title>Juomavesiautomaatti Metos - Wesmatic<\/title>\n<meta name=\"robots\" content=\"index, follow, max-snippet:-1, max-image-preview:large, max-video-preview:-1\" \/>\n<link rel=\"canonical\" href=\"https:\/\/www.wesmatic.fi\/wp\/product\/juomavesiautomaatti-metos\/\" \/>\n<meta property=\"og:locale\" content=\"fi_FI\" \/>\n<meta property=\"og:type\" content=\"article\" \/>\n<meta property=\"og:title\" content=\"Juomavesiautomaatti Metos - Wesmatic\" \/>\n<meta property=\"og:description\" content=\"J\u00e4\u00e4hdytt\u00e4v\u00e4 juomavesiautomaatti linjastoon sopiva, mitat 400 x 650 x 900 mm, 230V\" \/>\n<meta property=\"og:url\" content=\"https:\/\/www.wesmatic.fi\/wp\/product\/juomavesiautomaatti-metos\/\" \/>\n<meta property=\"og:site_name\" content=\"Wesmatic\" \/>\n<meta property=\"article:modified_time\" content=\"2026-02-09T15:40:03+00:00\" \/>\n<meta property=\"og:image\" content=\"https:\/\/www.wesmatic.fi\/wp\/wp-content\/uploads\/2024\/12\/Metos_proff.jpg\" \/>\n\t<meta property=\"og:image:width\" content=\"425\" \/>\n\t<meta property=\"og:image:height\" content=\"800\" \/>\n\t<meta property=\"og:image:type\" content=\"image\/jpeg\" \/>\n<meta name=\"twitter:card\" content=\"summary_large_image\" \/>\n<meta name=\"twitter:label1\" content=\"Arvioitu lukuaika\" \/>\n\t<meta name=\"twitter:data1\" content=\"1 minuutti\" \/>\n<script type=\"application\/ld+json\" class=\"yoast-schema-graph\">{\"@context\":\"https:\/\/schema.org\",\"@graph\":[{\"@type\":\"WebPage\",\"@id\":\"https:\/\/www.wesmatic.fi\/wp\/product\/juomavesiautomaatti-metos\/\",\"url\":\"https:\/\/www.wesmatic.fi\/wp\/product\/juomavesiautomaatti-metos\/\",\"name\":\"Juomavesiautomaatti Metos - Wesmatic\",\"isPartOf\":{\"@id\":\"https:\/\/www.wesmatic.fi\/wp\/#website\"},\"primaryImageOfPage\":{\"@id\":\"https:\/\/www.wesmatic.fi\/wp\/product\/juomavesiautomaatti-metos\/#primaryimage\"},\"image\":{\"@id\":\"https:\/\/www.wesmatic.fi\/wp\/product\/juomavesiautomaatti-metos\/#primaryimage\"},\"thumbnailUrl\":\"https:\/\/www.wesmatic.fi\/wp\/wp-content\/uploads\/2024\/12\/Metos_proff.jpg\",\"datePublished\":\"2024-12-02T14:41:00+00:00\",\"dateModified\":\"2026-02-09T15:40:03+00:00\",\"breadcrumb\":{\"@id\":\"https:\/\/www.wesmatic.fi\/wp\/product\/juomavesiautomaatti-metos\/#breadcrumb\"},\"inLanguage\":\"fi\",\"potentialAction\":[{\"@type\":\"ReadAction\",\"target\":[\"https:\/\/www.wesmatic.fi\/wp\/product\/juomavesiautomaatti-metos\/\"]}]},{\"@type\":\"ImageObject\",\"inLanguage\":\"fi\",\"@id\":\"https:\/\/www.wesmatic.fi\/wp\/product\/juomavesiautomaatti-metos\/#primaryimage\",\"url\":\"https:\/\/www.wesmatic.fi\/wp\/wp-content\/uploads\/2024\/12\/Metos_proff.jpg\",\"contentUrl\":\"https:\/\/www.wesmatic.fi\/wp\/wp-content\/uploads\/2024\/12\/Metos_proff.jpg\",\"width\":425,\"height\":800},{\"@type\":\"BreadcrumbList\",\"@id\":\"https:\/\/www.wesmatic.fi\/wp\/product\/juomavesiautomaatti-metos\/#breadcrumb\",\"itemListElement\":[{\"@type\":\"ListItem\",\"position\":1,\"name\":\"Etusivu\",\"item\":\"https:\/\/www.wesmatic.fi\/wp\/\"},{\"@type\":\"ListItem\",\"position\":2,\"name\":\"Kauppa\",\"item\":\"https:\/\/www.wesmatic.fi\/wp\/shop\/\"},{\"@type\":\"ListItem\",\"position\":3,\"name\":\"Juomavesiautomaatti Metos\"}]},{\"@type\":\"WebSite\",\"@id\":\"https:\/\/www.wesmatic.fi\/wp\/#website\",\"url\":\"https:\/\/www.wesmatic.fi\/wp\/\",\"name\":\"Wesmatic\",\"description\":\"\",\"potentialAction\":[{\"@type\":\"SearchAction\",\"target\":{\"@type\":\"EntryPoint\",\"urlTemplate\":\"https:\/\/www.wesmatic.fi\/wp\/?s={search_term_string}\"},\"query-input\":{\"@type\":\"PropertyValueSpecification\",\"valueRequired\":true,\"valueName\":\"search_term_string\"}}],\"inLanguage\":\"fi\"}]}<\/script>\n<!-- \/ Yoast SEO plugin. -->","yoast_head_json":{"title":"Juomavesiautomaatti Metos - Wesmatic","robots":{"index":"index","follow":"follow","max-snippet":"max-snippet:-1","max-image-preview":"max-image-preview:large","max-video-preview":"max-video-preview:-1"},"canonical":"https:\/\/www.wesmatic.fi\/wp\/product\/juomavesiautomaatti-metos\/","og_locale":"fi_FI","og_type":"article","og_title":"Juomavesiautomaatti Metos - Wesmatic","og_description":"J\u00e4\u00e4hdytt\u00e4v\u00e4 juomavesiautomaatti linjastoon sopiva, mitat 400 x 650 x 900 mm, 230V","og_url":"https:\/\/www.wesmatic.fi\/wp\/product\/juomavesiautomaatti-metos\/","og_site_name":"Wesmatic","article_modified_time":"2026-02-09T15:40:03+00:00","og_image":[{"width":425,"height":800,"url":"https:\/\/www.wesmatic.fi\/wp\/wp-content\/uploads\/2024\/12\/Metos_proff.jpg","type":"image\/jpeg"}],"twitter_card":"summary_large_image","twitter_misc":{"Arvioitu lukuaika":"1 minuutti"},"schema":{"@context":"https:\/\/schema.org","@graph":[{"@type":"WebPage","@id":"https:\/\/www.wesmatic.fi\/wp\/product\/juomavesiautomaatti-metos\/","url":"https:\/\/www.wesmatic.fi\/wp\/product\/juomavesiautomaatti-metos\/","name":"Juomavesiautomaatti Metos - Wesmatic","isPartOf":{"@id":"https:\/\/www.wesmatic.fi\/wp\/#website"},"primaryImageOfPage":{"@id":"https:\/\/www.wesmatic.fi\/wp\/product\/juomavesiautomaatti-metos\/#primaryimage"},"image":{"@id":"https:\/\/www.wesmatic.fi\/wp\/product\/juomavesiautomaatti-metos\/#primaryimage"},"thumbnailUrl":"https:\/\/www.wesmatic.fi\/wp\/wp-content\/uploads\/2024\/12\/Metos_proff.jpg","datePublished":"2024-12-02T14:41:00+00:00","dateModified":"2026-02-09T15:40:03+00:00","breadcrumb":{"@id":"https:\/\/www.wesmatic.fi\/wp\/product\/juomavesiautomaatti-metos\/#breadcrumb"},"inLanguage":"fi","potentialAction":[{"@type":"ReadAction","target":["https:\/\/www.wesmatic.fi\/wp\/product\/juomavesiautomaatti-metos\/"]}]},{"@type":"ImageObject","inLanguage":"fi","@id":"https:\/\/www.wesmatic.fi\/wp\/product\/juomavesiautomaatti-metos\/#primaryimage","url":"https:\/\/www.wesmatic.fi\/wp\/wp-content\/uploads\/2024\/12\/Metos_proff.jpg","contentUrl":"https:\/\/www.wesmatic.fi\/wp\/wp-content\/uploads\/2024\/12\/Metos_proff.jpg","width":425,"height":800},{"@type":"BreadcrumbList","@id":"https:\/\/www.wesmatic.fi\/wp\/product\/juomavesiautomaatti-metos\/#breadcrumb","itemListElement":[{"@type":"ListItem","position":1,"name":"Etusivu","item":"https:\/\/www.wesmatic.fi\/wp\/"},{"@type":"ListItem","position":2,"name":"Kauppa","item":"https:\/\/www.wesmatic.fi\/wp\/shop\/"},{"@type":"ListItem","position":3,"name":"Juomavesiautomaatti Metos"}]},{"@type":"WebSite","@id":"https:\/\/www.wesmatic.fi\/wp\/#website","url":"https:\/\/www.wesmatic.fi\/wp\/","name":"Wesmatic","description":"","potentialAction":[{"@type":"SearchAction","target":{"@type":"EntryPoint","urlTemplate":"https:\/\/www.wesmatic.fi\/wp\/?s={search_term_string}"},"query-input":{"@type":"PropertyValueSpecification","valueRequired":true,"valueName":"search_term_string"}}],"inLanguage":"fi"}]}},"_links":{"self":[{"href":"https:\/\/www.wesmatic.fi\/wp\/wp-json\/wp\/v2\/product\/451","targetHints":{"allow":["GET"]}}],"collection":[{"href":"https:\/\/www.wesmatic.fi\/wp\/wp-json\/wp\/v2\/product"}],"about":[{"href":"https:\/\/www.wesmatic.fi\/wp\/wp-json\/wp\/v2\/types\/product"}],"wp:featuredmedia":[{"embeddable":true,"href":"https:\/\/www.wesmatic.fi\/wp\/wp-json\/wp\/v2\/media\/452"}],"wp:attachment":[{"href":"https:\/\/www.wesmatic.fi\/wp\/wp-json\/wp\/v2\/media?parent=451"}],"wp:term":[{"taxonomy":"product_brand","embeddable":true,"href":"https:\/\/www.wesmatic.fi\/wp\/wp-json\/wp\/v2\/product_brand?post=451"},{"taxonomy":"product_cat","embeddable":true,"href":"https:\/\/www.wesmatic.fi\/wp\/wp-json\/wp\/v2\/product_cat?post=451"},{"taxonomy":"product_tag","embeddable":true,"href":"https:\/\/www.wesmatic.fi\/wp\/wp-json\/wp\/v2\/product_tag?post=451"}],"curies":[{"name":"wp","href":"https:\/\/api.w.org\/{rel}","templated":true}]}}